{"id":243,"date":"2021-09-01T15:27:19","date_gmt":"2021-09-01T15:27:19","guid":{"rendered":"https:\/\/arquivosabertoscidades.la\/web\/?page_id=243"},"modified":"2026-04-10T21:40:00","modified_gmt":"2026-04-10T21:40:00","slug":"quem-somos","status":"publish","type":"page","link":"https:\/\/arquivosabertoscidades.la\/es\/quem-somos\/","title":{"rendered":"Quem Somos"},"content":{"rendered":"<h1 class=\"wp-block-heading has-text-align-center entry-title\">Arquivos abertos das cidades latino-americanas: imagin\u00e1rios, etnografias e mem\u00f3ria&nbsp;(AACLA)<\/h1>\n\n\n\n<div class=\"wp-block-columns are-vertically-aligned-center is-layout-flex wp-container-core-columns-is-layout-9d6595d7 wp-block-columns-is-layout-flex\">\n<div class=\"wp-block-column is-vertically-aligned-center is-layout-flow wp-block-column-is-layout-flow\" style=\"flex-basis:50%\">\n<p class=\"translation-block\">Somos um coletivo que investiga as rela\u00e7\u00f5es entre cidades e arquivos latino-americanos. <em>Arquivos Abertos das Cidades Latino-Americanas: imagin\u00e1rios, etnografias e mem\u00f3ria<\/em> explora a retomada dos arquivos enquanto gestos din\u00e2micos de sele\u00e7\u00e3o, significa\u00e7\u00e3o, rememora\u00e7\u00e3o, viv\u00eancia e cria\u00e7\u00e3o.<\/p>\n<\/div>\n\n\n\n<div class=\"wp-block-column is-vertically-aligned-center is-layout-flow wp-block-column-is-layout-flow\" style=\"flex-basis:50%\"><div class=\"wp-block-image\">\n<figure class=\"aligncenter size-large is-resized\"><img loading=\"lazy\" decoding=\"async\" width=\"795\" height=\"1024\" src=\"https:\/\/arquivosabertoscidades.la\/web\/wp-content\/uploads\/2021\/08\/iamgem-convite-11-795x1024.png\" alt=\"\" class=\"wp-image-216\" style=\"width:377px;height:485px\" srcset=\"https:\/\/arquivosabertoscidades.la\/web\/wp-content\/uploads\/2021\/08\/iamgem-convite-11-795x1024.png 795w, https:\/\/arquivosabertoscidades.la\/web\/wp-content\/uploads\/2021\/08\/iamgem-convite-11-233x300.png 233w, https:\/\/arquivosabertoscidades.la\/web\/wp-content\/uploads\/2021\/08\/iamgem-convite-11-768x990.png 768w, https:\/\/arquivosabertoscidades.la\/web\/wp-content\/uploads\/2021\/08\/iamgem-convite-11-9x12.png 9w, https:\/\/arquivosabertoscidades.la\/web\/wp-content\/uploads\/2021\/08\/iamgem-convite-11-750x966.png 750w, https:\/\/arquivosabertoscidades.la\/web\/wp-content\/uploads\/2021\/08\/iamgem-convite-11-550x709.png 550w, https:\/\/arquivosabertoscidades.la\/web\/wp-content\/uploads\/2021\/08\/iamgem-convite-11.png 804w\" sizes=\"auto, (max-width: 795px) 100vw, 795px\" \/><\/figure>\n<\/div><\/div>\n<\/div>\n\n\n\n<p class=\"translation-block\">Compreendemos os arquivos como resultantes de <em>pr\u00e1ticas de patrim\u00f4nio<\/em>, <em>a\u00e7\u00f5es pol\u00edticas, viv\u00eancias etnogr\u00e1ficas e atos imaginativos <\/em>que tanto interpelam a cidade quanto s\u00e3o criados por ela. Sob essa \u00f3tica, os arquivos n\u00e3o s\u00e3o somente reposit\u00f3rios do passado preservado em documentos, artefatos, cole\u00e7\u00f5es e monumentos selecionados pela valida\u00e7\u00e3o patrimonialista. Tampouco se esgotam nos palimpsestos arquitet\u00f4nicos da espacialidade urbana. Eles se constituem tamb\u00e9m em di\u00e1logo com as m\u00eddias atuais e se potencializam nas proje\u00e7\u00f5es e expectativas de futuro geradas por m\u00faltiplos agentes.<\/p>\n\n\n\n<p>A no\u00e7\u00e3o de \u201carquivo aberto\u201d \u00e9 um chamado \u00e0 intera\u00e7\u00e3o experiencial, discursiva, est\u00e9tica e pol\u00edtica sobre os imagin\u00e1rios e repert\u00f3rios que s\u00e3o apropriados, inventados e disputados pelos habitantes urbanos. Trata-se de destacar a vitalidade do arquivo como pr\u00e1tica interativa que sedimenta mem\u00f3rias, ati\u00e7a sele\u00e7\u00f5es\/apagamentos e esbo\u00e7a estranhamentos e pertencimentos na cidade.<\/p>\n\n\n\n<p>Marcadas por conflitivos legados do passado colonial ib\u00e9rico, por regimes de escravid\u00e3o e submiss\u00e3o de popula\u00e7\u00f5es ind\u00edgenas, as cidades latino-americanas s\u00e3o tamb\u00e9m vibrantes cen\u00e1rios de heran\u00e7as multiculturais. Exploramos as cidades como arquivos abertos em suas especificidades, apropria\u00e7\u00f5es culturais e dilemas sociais.<\/p>\n\n\n\n<p class=\"translation-block\">A partir de um olhar ensa\u00edstico, o coletivo <em>Arquivo Abertos<\/em> privilegia pesquisas e cria\u00e7\u00f5es no cinema, fotografia, artes pl\u00e1sticas, m\u00fasica, arquitetura, urbanismo, etnografia, m\u00eddias e literatura. Os enfoques s\u00e3o d\u00edspares abarcando hist\u00f3ria, geografia urbana, antropologia, estudos da imagem, m\u00eddia e literatura, mas h\u00e1 quest\u00f5es comuns atravessando nossos projetos. S\u00e3o elas: Quais s\u00e3o as rela\u00e7\u00f5es entre arquivos patrimoniais, pr\u00e1ticas art\u00edsticas, m\u00eddias sociais e mem\u00f3ria urbana? Como imagin\u00e1rios e espa\u00e7os p\u00fablicos na cidade moderna\/contempor\u00e2nea foram\/s\u00e3o modificadas por tecnologias, arte, consumo e agendas pol\u00edticas? Quais s\u00e3o as etnografias poss\u00edveis na interse\u00e7\u00e3o entre cidades materiais e virtuais?<\/p>\n\n\n\n<p><\/p>\n\n\n\n<div style=\"height:54px\" aria-hidden=\"true\" class=\"wp-block-spacer\"><\/div>\n\n\n\n<h1 class=\"wp-block-heading has-text-align-center entry-title\">Pesquisadores:<\/h1>\n\n\n\n<div class=\"wp-block-columns is-layout-flex wp-container-core-columns-is-layout-9d6595d7 wp-block-columns-is-layout-flex\">\n<div class=\"wp-block-column pesquisadores is-layout-flow wp-block-column-is-layout-flow\"><div class=\"wp-block-image avatar avatar-150 wp-user-avatar wp-user-avatar-150 alignnone photo is-style-rounded\">\n<figure class=\"aligncenter size-large is-resized\"><a href=\"https:\/\/arquivosabertoscidades.la\/es\/web\/author\/beatriz-jaguaribe\/\"><img decoding=\"async\" src=\"https:\/\/arquivosabertoscidades.la\/web\/wp-content\/uploads\/2021\/08\/28C59FB2-6311-4B6C-BFAC-120D5E7ADD0D-150x150.jpg\" alt=\"Beatriz Jaguaribe\" style=\"width:150px;height:150px\"\/><\/a><\/figure>\n<\/div>\n\n\n<h2 class=\"wp-block-heading has-text-align-center page-title\"><a href=\"https:\/\/arquivosabertoscidades.la\/es\/web\/author\/beatriz-jaguaribe\/\">Beatriz Jaguaribe<\/a><\/h2>\n\n\n\n<p class=\"has-text-align-center taxonomy-description\">(ECO\/UFRJ) Coordenadora Geral do Projeto<\/p>\n<\/div>\n\n\n\n<div class=\"wp-block-column pesquisadores is-layout-flow wp-block-column-is-layout-flow\"><div class=\"wp-block-image avatar avatar-150 wp-user-avatar wp-user-avatar-150 alignnone photo is-style-rounded\">\n<figure class=\"aligncenter size-large is-resized\"><a href=\"https:\/\/arquivosabertoscidades.la\/es\/web\/author\/consuelo-lins\/\"><img decoding=\"async\" src=\"https:\/\/arquivosabertoscidades.la\/web\/wp-content\/uploads\/2021\/09\/IMG_5237-150x150.jpeg\" alt=\"Consuelo Lins\" style=\"width:150px;height:150px\"\/><\/a><\/figure>\n<\/div>\n\n\n<h2 class=\"wp-block-heading has-text-align-center page-title\"><a href=\"https:\/\/arquivosabertoscidades.la\/es\/web\/author\/consuelo-lins\/\">Consuelo Lins<\/a><\/h2>\n\n\n\n<p class=\"has-text-align-center taxonomy-description\">(ECO\/UFRJ) Coordenadora Geral do Projeto<\/p>\n<\/div>\n<\/div>\n\n\n\n<div class=\"wp-block-columns is-layout-flex wp-container-core-columns-is-layout-9d6595d7 wp-block-columns-is-layout-flex\">\n<div class=\"wp-block-column pesquisadores is-layout-flow wp-block-column-is-layout-flow\"><div class=\"wp-block-image avatar avatar-150 wp-user-avatar wp-user-avatar-150 alignnone photo is-style-rounded\">\n<figure class=\"aligncenter size-large is-resized\"><a href=\"https:\/\/arquivosabertoscidades.la\/es\/web\/author\/andrea-franca\/\"><img decoding=\"async\" src=\"https:\/\/arquivosabertoscidades.la\/web\/wp-content\/uploads\/2021\/08\/Andrea-e1630429851104-150x150.png\" alt=\"Andrea Fran\u00e7a\" style=\"width:150px;height:150px\"\/><\/a><\/figure>\n<\/div>\n\n\n<h2 class=\"wp-block-heading has-text-align-center page-title\"><a href=\"https:\/\/arquivosabertoscidades.la\/es\/web\/author\/andrea-franca\/\">Andrea Fran\u00e7a<\/a><\/h2>\n\n\n\n<p class=\"has-text-align-center taxonomy-description\">(PUC-Rio)<\/p>\n<\/div>\n\n\n\n<div class=\"wp-block-column pesquisadores is-layout-flow wp-block-column-is-layout-flow\"><div class=\"wp-block-image avatar avatar-150 wp-user-avatar wp-user-avatar-150 alignnone photo is-style-rounded\">\n<figure class=\"aligncenter size-large is-resized\"><a href=\"https:\/\/arquivosabertoscidades.la\/es\/web\/author\/eduardo-kingman\/\"><img decoding=\"async\" src=\"https:\/\/arquivosabertoscidades.la\/web\/wp-content\/uploads\/2021\/08\/maxresdefault-e1630429559559-150x150.jpg\" alt=\"Eduardo Kingman\" style=\"width:150px;height:150px\"\/><\/a><\/figure>\n<\/div>\n\n\n<h2 class=\"wp-block-heading has-text-align-center page-title\"><a href=\"https:\/\/arquivosabertoscidades.la\/es\/web\/author\/eduardo-kingman\/\">Eduardo Kingman<\/a><\/h2>\n\n\n\n<p class=\"has-text-align-center taxonomy-description\">(FLACSO)<\/p>\n<\/div>\n<\/div>\n\n\n\n<div class=\"wp-block-columns is-layout-flex wp-container-core-columns-is-layout-9d6595d7 wp-block-columns-is-layout-flex\">\n<div class=\"wp-block-column pesquisadores is-layout-flow wp-block-column-is-layout-flow\"><div class=\"wp-block-image avatar avatar-150 wp-user-avatar wp-user-avatar-150 alignnone photo is-style-rounded\">\n<figure class=\"aligncenter size-large is-resized\"><a href=\"https:\/\/arquivosabertoscidades.la\/es\/web\/author\/liv-sovik\/\"><img decoding=\"async\" src=\"https:\/\/arquivosabertoscidades.la\/web\/wp-content\/uploads\/2021\/08\/Liv-150x150.jpg\" alt=\"Liv Sovik\" style=\"width:150px;height:150px\"\/><\/a><\/figure>\n<\/div>\n\n\n<h2 class=\"wp-block-heading has-text-align-center page-title\"><a href=\"https:\/\/arquivosabertoscidades.la\/es\/web\/author\/liv-sovik\/\">Liv Sovik<\/a><\/h2>\n\n\n\n<p class=\"has-text-align-center taxonomy-description\">(ECO\/URFJ)<\/p>\n<\/div>\n\n\n\n<div class=\"wp-block-column pesquisadores is-layout-flow wp-block-column-is-layout-flow\"><div class=\"wp-block-image avatar avatar-150 wp-user-avatar wp-user-avatar-150 alignnone photo is-style-rounded\">\n<figure class=\"aligncenter size-large is-resized\"><a href=\"https:\/\/arquivosabertoscidades.la\/es\/web\/author\/patricia-machado\/\"><img decoding=\"async\" src=\"https:\/\/arquivosabertoscidades.la\/web\/wp-content\/uploads\/2021\/08\/Patricia-Machado-e1630429627431-150x150.jpg\" alt=\"Patricia Machado\" style=\"width:150px;height:150px\"\/><\/a><\/figure>\n<\/div>\n\n\n<h2 class=\"wp-block-heading has-text-align-center page-title\"><a href=\"https:\/\/arquivosabertoscidades.la\/es\/web\/author\/patricia-machado\/\">Patricia Machado<\/a><\/h2>\n\n\n\n<p class=\"has-text-align-center taxonomy-description\">(PUC-Rio)<\/p>\n<\/div>\n<\/div>\n\n\n\n<div style=\"height:54px\" aria-hidden=\"true\" class=\"wp-block-spacer\"><\/div>\n\n\n\n<h1 class=\"wp-block-heading has-text-align-center entry-title\">Colaboradores:<\/h1>\n\n\n\n<div style=\"height:32px\" aria-hidden=\"true\" class=\"wp-block-spacer\"><\/div>\n\n\n\n<p>Aida Feitosa (ECO\/UFRJ), Anita Guerra (Harvard University), Caio Bortolotti (ECO\/UFRJ), Elisa Maia (ECO\/UFRJ), Leonardo Ribeiro dos Santos (ECO\/UFRJ), L\u00eddia Michelle Damaceno Azevedo (ECO\/UFRJ), Mariana Dias (ECO\/UFRJ), Mateus Sanches Duarte (Duke University), Mohara Valle (ECO\/UFRJ), Nicholas Sineiro (ECO\/UFRJ), Patricia Cunegundes (PUC-Rio), Stephanie Andreas Nascimento de Souza (ECO\/UFRJ), Sayd Mansur (ECO\/UFRJ).<\/p>\n\n\n\n<div style=\"height:54px\" aria-hidden=\"true\" class=\"wp-block-spacer\"><\/div>\n\n\n\n<h1 class=\"wp-block-heading has-text-align-center entry-title\">Rede:<\/h1>\n\n\n\n<div style=\"height:32px\" aria-hidden=\"true\" class=\"wp-block-spacer\"><\/div>\n\n\n\n<p>Adri\u00e1n Gorelik (Universidad de Quilmes), Adriana Medeiros (NegrasFotosGrafias), Alfredo Santillan (Flacso), Ana Paula Alves Ribeiro (UERJ), Anita Leandro (UFRJ), Arnaldo Cruz (Fordham University), Bruno Carvalho (Harvard University), Claudia Ferreira (CACES &#8211; Centro de Atividades Culturais, Econ\u00f4micas e Sociais), Claudio Lomnitz (Columbia University), David G\u00f3mez L\u00f3pez (Universidad Central del Ecuador), Elane Abreu (IISCA \u2013 UFCA), Erika Beton (Flacso), Esther Hamburger (USP), Fernanda Ar\u00eaas Peixoto (USP), Florencia Garramu\u00f1o (Universidad de San Andr\u00e9s), Francisca M\u00e1rquez Belloni (Universidad Alberto Hurtado), Gonzalo Aguilar (Universidad de Buenos Aires), Gustavo Guerrero (Universit\u00e9 Cergy-Pontoise), Jana\u00edna Damaceno (UERJ), Lorraine Leu (University of Austin, Texas), Maria Alice Rezende de Carvalho (PUC-Rio), Mariana Cavalcanti (UERJ), Maria Fernanda Troya Gonzalez (Flacso), Mireya Salgado (Flacsco), Tha\u00eds Blank (FGV), Vyjaynthi Rao (Terreform Center for Advanced Urban Research).<\/p>","protected":false},"excerpt":{"rendered":"<p>Arquivos abertos das cidades latino-americanas: imagin\u00e1rios, etnografias e mem\u00f3ria&nbsp;(AACLA) Somos um coletivo que investiga as rela\u00e7\u00f5es entre cidades e arquivos latino-americanos. Arquivos Abertos das Cidades Latino-Americanas: imagin\u00e1rios, etnografias e mem\u00f3ria explora a retomada dos arquivos enquanto gestos din\u00e2micos de sele\u00e7\u00e3o, significa\u00e7\u00e3o, rememora\u00e7\u00e3o, viv\u00eancia e cria\u00e7\u00e3o. Compreendemos os arquivos como resultantes de pr\u00e1ticas de patrim\u00f4nio, a\u00e7\u00f5es&#8230;<\/p>","protected":false},"author":1,"featured_media":0,"parent":0,"menu_order":0,"comment_status":"closed","ping_status":"closed","template":"","meta":{"footnotes":""},"class_list":["post-243","page","type-page","status-publish","hentry"],"_links":{"self":[{"href":"https:\/\/arquivosabertoscidades.la\/es\/wp-json\/wp\/v2\/pages\/243","targetHints":{"allow":["GET"]}}],"collection":[{"href":"https:\/\/arquivosabertoscidades.la\/es\/wp-json\/wp\/v2\/pages"}],"about":[{"href":"https:\/\/arquivosabertoscidades.la\/es\/wp-json\/wp\/v2\/types\/page"}],"author":[{"embeddable":true,"href":"https:\/\/arquivosabertoscidades.la\/es\/wp-json\/wp\/v2\/users\/1"}],"replies":[{"embeddable":true,"href":"https:\/\/arquivosabertoscidades.la\/es\/wp-json\/wp\/v2\/comments?post=243"}],"version-history":[{"count":16,"href":"https:\/\/arquivosabertoscidades.la\/es\/wp-json\/wp\/v2\/pages\/243\/revisions"}],"predecessor-version":[{"id":538,"href":"https:\/\/arquivosabertoscidades.la\/es\/wp-json\/wp\/v2\/pages\/243\/revisions\/538"}],"wp:attachment":[{"href":"https:\/\/arquivosabertoscidades.la\/es\/wp-json\/wp\/v2\/media?parent=243"}],"curies":[{"name":"wp","href":"https:\/\/api.w.org\/{rel}","templated":true}]}}