{"id":243,"date":"2021-09-01T15:27:19","date_gmt":"2021-09-01T15:27:19","guid":{"rendered":"https:\/\/arquivosabertoscidades.la\/web\/?page_id=243"},"modified":"2026-04-10T21:40:00","modified_gmt":"2026-04-10T21:40:00","slug":"quem-somos","status":"publish","type":"page","link":"https:\/\/arquivosabertoscidades.la\/en\/who-we-are\/","title":{"rendered":"Quem Somos"},"content":{"rendered":"<h1 class=\"wp-block-heading has-text-align-center entry-title\">Open Archives of Latin-American Cities: imaginaries, etnographies and memory (OALAC)<\/h1>\n\n\n\n<div class=\"wp-block-columns are-vertically-aligned-center is-layout-flex wp-container-core-columns-is-layout-9d6595d7 wp-block-columns-is-layout-flex\">\n<div class=\"wp-block-column is-vertically-aligned-center is-layout-flow wp-block-column-is-layout-flow\" style=\"flex-basis:50%\">\n<p class=\"translation-block\">We are a collective that investigates the relationships between cities and Latin American archives. <em>Open Archives of Latin American Cities: imaginaries, ethnographies and memory<\/em> explores archives as dynamic gestures of selection, signifying practice, remembrance, experience, and creation.<\/p>\n<\/div>\n\n\n\n<div class=\"wp-block-column is-vertically-aligned-center is-layout-flow wp-block-column-is-layout-flow\" style=\"flex-basis:50%\"><div class=\"wp-block-image\">\n<figure class=\"aligncenter size-large is-resized\"><img loading=\"lazy\" decoding=\"async\" width=\"795\" height=\"1024\" src=\"https:\/\/arquivosabertoscidades.la\/web\/wp-content\/uploads\/2021\/08\/iamgem-convite_EN-11.png\" alt=\"\" class=\"wp-image-216\" style=\"width:377px;height:485px\" srcset=\"https:\/\/arquivosabertoscidades.la\/web\/wp-content\/uploads\/2021\/08\/iamgem-convite_EN-11.png 804w, https:\/\/arquivosabertoscidades.la\/web\/wp-content\/uploads\/2021\/08\/iamgem-convite_EN-11-233x300.png 233w, https:\/\/arquivosabertoscidades.la\/web\/wp-content\/uploads\/2021\/08\/iamgem-convite_EN-11-795x1024.png 795w, https:\/\/arquivosabertoscidades.la\/web\/wp-content\/uploads\/2021\/08\/iamgem-convite_EN-11-768x990.png 768w, https:\/\/arquivosabertoscidades.la\/web\/wp-content\/uploads\/2021\/08\/iamgem-convite_EN-11-9x12.png 9w, https:\/\/arquivosabertoscidades.la\/web\/wp-content\/uploads\/2021\/08\/iamgem-convite_EN-11-750x966.png 750w, https:\/\/arquivosabertoscidades.la\/web\/wp-content\/uploads\/2021\/08\/iamgem-convite_EN-11-550x709.png 550w\" sizes=\"auto, (max-width: 795px) 100vw, 795px\" \/><\/figure>\n<\/div><\/div>\n<\/div>\n\n\n\n<p class=\"translation-block\">We understand archives as being constituted by the <em>selection of patrimony, political practices, ethnographic experiences, and acts of imagination<\/em>. Archives both challenge the city and are created by it. From this perspective they are not only repositories of the past preserved in documents, artifacts, collections, and monuments selected as heritage, over time. Nor are they restricted to the architectural palimpsests of urban spatiality. Shaped in dialogue with contemporary media, archives are also recast by the projections and expectations of the future generated by multiple agents.<\/p>\n\n\n\n<p>A no\u00e7\u00e3o de \u201carquivo aberto\u201d \u00e9 um chamado \u00e0 intera\u00e7\u00e3o experiencial, discursiva, est\u00e9tica e pol\u00edtica sobre os imagin\u00e1rios e repert\u00f3rios que s\u00e3o apropriados, inventados e disputados pelos habitantes urbanos. Trata-se de destacar a vitalidade do arquivo como pr\u00e1tica interativa que sedimenta mem\u00f3rias, ati\u00e7a sele\u00e7\u00f5es\/apagamentos e esbo\u00e7a estranhamentos e pertencimentos na cidade.<\/p>\n\n\n\n<p>Marked by conflicting legacies from the Iberian colonial past, by regimes of slavery and subjection of indigenous populations, Latin American cities are also vibrant scenarios of multicultural heritage. We explore cities as open archives in their specificities, cultural appropriations, and social dilemmas.<\/p>\n\n\n\n<p class=\"translation-block\">The Open Archives collective favors an essayist's approach to research and creations in cinema, photography, visual arts, music, architecture, urbanism, ethnography, media, and literature. The approaches are diverse, covering history, urban geography, anthropology, image and media studies, and literary criticism. Within the diversity of our projects, we discuss key issues such as:  What are the relationships between archives, artistic practices, social media, and urban memory? How are urban imaginaries and public spaces in the modern\/contemporary city modified by technologies, art, consumption, and political agendas? How can ethnographies be rendered in the intersection between material and virtual cities?<\/p>\n\n\n\n<p><\/p>\n\n\n\n<div style=\"height:54px\" aria-hidden=\"true\" class=\"wp-block-spacer\"><\/div>\n\n\n\n<h1 class=\"wp-block-heading has-text-align-center entry-title\">Researchers:<\/h1>\n\n\n\n<div class=\"wp-block-columns is-layout-flex wp-container-core-columns-is-layout-9d6595d7 wp-block-columns-is-layout-flex\">\n<div class=\"wp-block-column pesquisadores is-layout-flow wp-block-column-is-layout-flow\"><div class=\"wp-block-image avatar avatar-150 wp-user-avatar wp-user-avatar-150 alignnone photo is-style-rounded\">\n<figure class=\"aligncenter size-large is-resized\"><a href=\"https:\/\/arquivosabertoscidades.la\/en\/web\/author\/beatriz-jaguaribe\/\"><img decoding=\"async\" src=\"https:\/\/arquivosabertoscidades.la\/web\/wp-content\/uploads\/2021\/08\/28C59FB2-6311-4B6C-BFAC-120D5E7ADD0D-150x150.jpg\" alt=\"Beatriz Jaguaribe\" style=\"width:150px;height:150px\"\/><\/a><\/figure>\n<\/div>\n\n\n<h2 class=\"wp-block-heading has-text-align-center page-title\"><a href=\"https:\/\/arquivosabertoscidades.la\/en\/web\/author\/beatriz-jaguaribe\/\">Beatriz Jaguaribe<\/a><\/h2>\n\n\n\n<p class=\"has-text-align-center taxonomy-description\">(ECO\/UFRJ) General Project Coordinator<\/p>\n<\/div>\n\n\n\n<div class=\"wp-block-column pesquisadores is-layout-flow wp-block-column-is-layout-flow\"><div class=\"wp-block-image avatar avatar-150 wp-user-avatar wp-user-avatar-150 alignnone photo is-style-rounded\">\n<figure class=\"aligncenter size-large is-resized\"><a href=\"https:\/\/arquivosabertoscidades.la\/en\/web\/author\/consuelo-lins\/\"><img decoding=\"async\" src=\"https:\/\/arquivosabertoscidades.la\/web\/wp-content\/uploads\/2021\/09\/IMG_5237-150x150.jpeg\" alt=\"Consuelo Lins\" style=\"width:150px;height:150px\"\/><\/a><\/figure>\n<\/div>\n\n\n<h2 class=\"wp-block-heading has-text-align-center page-title\"><a href=\"https:\/\/arquivosabertoscidades.la\/en\/web\/author\/consuelo-lins\/\">Consuelo Lins<\/a><\/h2>\n\n\n\n<p class=\"has-text-align-center taxonomy-description\">(ECO\/UFRJ) General Project Coordinator<\/p>\n<\/div>\n<\/div>\n\n\n\n<div class=\"wp-block-columns is-layout-flex wp-container-core-columns-is-layout-9d6595d7 wp-block-columns-is-layout-flex\">\n<div class=\"wp-block-column pesquisadores is-layout-flow wp-block-column-is-layout-flow\"><div class=\"wp-block-image avatar avatar-150 wp-user-avatar wp-user-avatar-150 alignnone photo is-style-rounded\">\n<figure class=\"aligncenter size-large is-resized\"><a href=\"https:\/\/arquivosabertoscidades.la\/en\/web\/author\/andrea-franca\/\"><img decoding=\"async\" src=\"https:\/\/arquivosabertoscidades.la\/web\/wp-content\/uploads\/2021\/08\/Andrea-e1630429851104-150x150.png\" alt=\"Andrea Fran\u00e7a\" style=\"width:150px;height:150px\"\/><\/a><\/figure>\n<\/div>\n\n\n<h2 class=\"wp-block-heading has-text-align-center page-title\"><a href=\"https:\/\/arquivosabertoscidades.la\/en\/web\/author\/andrea-franca\/\">Andrea Fran\u00e7a<\/a><\/h2>\n\n\n\n<p class=\"has-text-align-center taxonomy-description\">(PUC-Rio)<\/p>\n<\/div>\n\n\n\n<div class=\"wp-block-column pesquisadores is-layout-flow wp-block-column-is-layout-flow\"><div class=\"wp-block-image avatar avatar-150 wp-user-avatar wp-user-avatar-150 alignnone photo is-style-rounded\">\n<figure class=\"aligncenter size-large is-resized\"><a href=\"https:\/\/arquivosabertoscidades.la\/en\/web\/author\/eduardo-kingman\/\"><img decoding=\"async\" src=\"https:\/\/arquivosabertoscidades.la\/web\/wp-content\/uploads\/2021\/08\/maxresdefault-e1630429559559-150x150.jpg\" alt=\"Eduardo Kingman\" style=\"width:150px;height:150px\"\/><\/a><\/figure>\n<\/div>\n\n\n<h2 class=\"wp-block-heading has-text-align-center page-title\"><a href=\"https:\/\/arquivosabertoscidades.la\/en\/web\/author\/eduardo-kingman\/\">Eduardo Kingman<\/a><\/h2>\n\n\n\n<p class=\"has-text-align-center taxonomy-description\">(FLACSO)<\/p>\n<\/div>\n<\/div>\n\n\n\n<div class=\"wp-block-columns is-layout-flex wp-container-core-columns-is-layout-9d6595d7 wp-block-columns-is-layout-flex\">\n<div class=\"wp-block-column pesquisadores is-layout-flow wp-block-column-is-layout-flow\"><div class=\"wp-block-image avatar avatar-150 wp-user-avatar wp-user-avatar-150 alignnone photo is-style-rounded\">\n<figure class=\"aligncenter size-large is-resized\"><a href=\"https:\/\/arquivosabertoscidades.la\/en\/web\/author\/liv-sovik\/\"><img decoding=\"async\" src=\"https:\/\/arquivosabertoscidades.la\/web\/wp-content\/uploads\/2021\/08\/Liv-150x150.jpg\" alt=\"Liv Sovik\" style=\"width:150px;height:150px\"\/><\/a><\/figure>\n<\/div>\n\n\n<h2 class=\"wp-block-heading has-text-align-center page-title\"><a href=\"https:\/\/arquivosabertoscidades.la\/en\/web\/author\/liv-sovik\/\">Liv Sovik<\/a><\/h2>\n\n\n\n<p class=\"has-text-align-center taxonomy-description\">(ECO\/URFJ)<\/p>\n<\/div>\n\n\n\n<div class=\"wp-block-column pesquisadores is-layout-flow wp-block-column-is-layout-flow\"><div class=\"wp-block-image avatar avatar-150 wp-user-avatar wp-user-avatar-150 alignnone photo is-style-rounded\">\n<figure class=\"aligncenter size-large is-resized\"><a href=\"https:\/\/arquivosabertoscidades.la\/en\/web\/author\/patricia-machado\/\"><img decoding=\"async\" src=\"https:\/\/arquivosabertoscidades.la\/web\/wp-content\/uploads\/2021\/08\/Patricia-Machado-e1630429627431-150x150.jpg\" alt=\"Patricia Machado\" style=\"width:150px;height:150px\"\/><\/a><\/figure>\n<\/div>\n\n\n<h2 class=\"wp-block-heading has-text-align-center page-title\"><a href=\"https:\/\/arquivosabertoscidades.la\/en\/web\/author\/patricia-machado\/\">Patricia Machado<\/a><\/h2>\n\n\n\n<p class=\"has-text-align-center taxonomy-description\">(PUC-Rio)<\/p>\n<\/div>\n<\/div>\n\n\n\n<div style=\"height:54px\" aria-hidden=\"true\" class=\"wp-block-spacer\"><\/div>\n\n\n\n<h1 class=\"wp-block-heading has-text-align-center entry-title\">Contributors:<\/h1>\n\n\n\n<div style=\"height:32px\" aria-hidden=\"true\" class=\"wp-block-spacer\"><\/div>\n\n\n\n<p>Aida Feitosa (ECO\/UFRJ), Anita Guerra (Harvard University), Caio Bortolotti (ECO\/UFRJ), Elisa Maia (ECO\/UFRJ), Leonardo Ribeiro dos Santos (ECO\/UFRJ), L\u00eddia Michelle Damaceno Azevedo (ECO\/UFRJ), Mariana Dias (ECO\/UFRJ), Mateus Sanches Duarte (Duke University), Mohara Valle (ECO\/UFRJ), Nicholas Sineiro (ECO\/UFRJ), Patricia Cunegundes (PUC-Rio), Stephanie Andreas Nascimento de Souza (ECO\/UFRJ), Sayd Mansur (ECO\/UFRJ).<\/p>\n\n\n\n<div style=\"height:54px\" aria-hidden=\"true\" class=\"wp-block-spacer\"><\/div>\n\n\n\n<h1 class=\"wp-block-heading has-text-align-center entry-title\">Network:<\/h1>\n\n\n\n<div style=\"height:32px\" aria-hidden=\"true\" class=\"wp-block-spacer\"><\/div>\n\n\n\n<p>Adri\u00e1n Gorelik (Universidad de Quilmes), Adriana Medeiros (NegrasFotosGrafias), Alfredo Santillan (Flacso), Ana Paula Alves Ribeiro (UERJ), Anita Leandro (UFRJ), Arnaldo Cruz (Fordham University), Bruno Carvalho (Harvard University), Claudia Ferreira (CACES &#8211; Centro de Atividades Culturais, Econ\u00f4micas e Sociais), Claudio Lomnitz (Columbia University), David G\u00f3mez L\u00f3pez (Universidad Central del Ecuador), Elane Abreu (IISCA \u2013 UFCA), Erika Beton (Flacso), Esther Hamburger (USP), Fernanda Ar\u00eaas Peixoto (USP), Florencia Garramu\u00f1o (Universidad de San Andr\u00e9s), Francisca M\u00e1rquez Belloni (Universidad Alberto Hurtado), Gonzalo Aguilar (Universidad de Buenos Aires), Gustavo Guerrero (Universit\u00e9 Cergy-Pontoise), Jana\u00edna Damaceno (UERJ), Lorraine Leu (University of Austin, Texas), Maria Alice Rezende de Carvalho (PUC-Rio), Mariana Cavalcanti (UERJ), Maria Fernanda Troya Gonzalez (Flacso), Mireya Salgado (Flacsco), Tha\u00eds Blank (FGV), Vyjaynthi Rao (Terreform Center for Advanced Urban Research).<\/p>","protected":false},"excerpt":{"rendered":"<p>Arquivos abertos das cidades latino-americanas: imagin\u00e1rios, etnografias e mem\u00f3ria&nbsp;(AACLA) Somos um coletivo que investiga as rela\u00e7\u00f5es entre cidades e arquivos latino-americanos. Arquivos Abertos das Cidades Latino-Americanas: imagin\u00e1rios, etnografias e mem\u00f3ria explora a retomada dos arquivos enquanto gestos din\u00e2micos de sele\u00e7\u00e3o, significa\u00e7\u00e3o, rememora\u00e7\u00e3o, viv\u00eancia e cria\u00e7\u00e3o. Compreendemos os arquivos como resultantes de pr\u00e1ticas de patrim\u00f4nio, a\u00e7\u00f5es&#8230;<\/p>","protected":false},"author":1,"featured_media":0,"parent":0,"menu_order":0,"comment_status":"closed","ping_status":"closed","template":"","meta":{"footnotes":""},"class_list":["post-243","page","type-page","status-publish","hentry"],"_links":{"self":[{"href":"https:\/\/arquivosabertoscidades.la\/en\/wp-json\/wp\/v2\/pages\/243","targetHints":{"allow":["GET"]}}],"collection":[{"href":"https:\/\/arquivosabertoscidades.la\/en\/wp-json\/wp\/v2\/pages"}],"about":[{"href":"https:\/\/arquivosabertoscidades.la\/en\/wp-json\/wp\/v2\/types\/page"}],"author":[{"embeddable":true,"href":"https:\/\/arquivosabertoscidades.la\/en\/wp-json\/wp\/v2\/users\/1"}],"replies":[{"embeddable":true,"href":"https:\/\/arquivosabertoscidades.la\/en\/wp-json\/wp\/v2\/comments?post=243"}],"version-history":[{"count":16,"href":"https:\/\/arquivosabertoscidades.la\/en\/wp-json\/wp\/v2\/pages\/243\/revisions"}],"predecessor-version":[{"id":538,"href":"https:\/\/arquivosabertoscidades.la\/en\/wp-json\/wp\/v2\/pages\/243\/revisions\/538"}],"wp:attachment":[{"href":"https:\/\/arquivosabertoscidades.la\/en\/wp-json\/wp\/v2\/media?parent=243"}],"curies":[{"name":"wp","href":"https:\/\/api.w.org\/{rel}","templated":true}]}}